{"id":515,"date":"2025-02-09T15:35:11","date_gmt":"2025-02-09T13:35:11","guid":{"rendered":"https:\/\/salpastages.fi\/?page_id=515"},"modified":"2025-11-28T14:48:44","modified_gmt":"2025-11-28T12:48:44","slug":"huolto","status":"publish","type":"page","link":"https:\/\/salpastages.fi\/en\/huolto\/","title":{"rendered":"Service and deadlines"},"content":{"rendered":"<div class=\"wp-block-group\" style=\"margin-top:0;margin-bottom:0\"><div class=\"wp-block-group__inner-container is-layout-flow wp-block-group-is-layout-flow\">\n<div class=\"wp-block-group alignwide is-style-default is-vertical is-layout-flex wp-container-core-group-is-layout-451e4533 wp-block-group-is-layout-flex\" style=\"padding-top:0;padding-bottom:0\">\n<div class=\"wp-block-group\"><div class=\"wp-block-group__inner-container is-layout-constrained wp-block-group-is-layout-constrained\">\n<h2 class=\"wp-block-heading has-x-large-font-size\">Service and deadlines<\/h2>\n\n\n\n<p>Maali sulkeutuu kaikilla matkoilla klo 18.00.<\/p>\n<\/div><\/div>\n\n\n\n<div class=\"wp-block-group\"><div class=\"wp-block-group__inner-container is-layout-constrained wp-block-group-is-layout-constrained\">\n<h3 class=\"wp-block-heading\"><strong>Gravel Half Gas 55 km<\/strong><\/h3>\n\n\n\n<p>Huoltopiste: Hauhian mylly n. 50 km kohdalla.<\/p>\n<\/div><\/div>\n\n\n\n<div class=\"wp-block-group\"><div class=\"wp-block-group__inner-container is-layout-constrained wp-block-group-is-layout-constrained\">\n<h3 class=\"wp-block-heading\"><strong>Gravel Full Gas 110 km<\/strong><\/h3>\n\n\n\n<p>Huoltopiste: Hauhian mylly n. 50 km kohdalla.<\/p>\n<\/div><\/div>\n\n\n\n<div class=\"wp-block-group\" style=\"margin-top:0;margin-bottom:0\"><div class=\"wp-block-group__inner-container is-layout-constrained wp-block-group-is-layout-constrained\">\n<h3 class=\"wp-block-heading\"><strong>Gravel Adventure<\/strong><\/h3>\n\n\n\n<p>Matkat: 40 &#8211; 100 km.<br>Service points:<\/p>\n\n\n\n<ul class=\"wp-block-list\">\n<li>Soikonvuoren luola. Huolto sulkeutuu klo 13.00. HUOM! Saapuessasi huoltoon, j\u00e4t\u00e4 py\u00f6r\u00e4si luolan ulkopuolelle.<\/li>\n\n\n\n<li>Hauhian mylly. Huolto sulkeutuu klo 15.00<\/li>\n<\/ul>\n<\/div><\/div>\n\n\n\n<div class=\"wp-block-group\" style=\"margin-top:0;margin-bottom:0\"><div class=\"wp-block-group__inner-container is-layout-constrained wp-block-group-is-layout-constrained\">\n<h3 class=\"wp-block-heading\"><strong>Kaukopartio<\/strong><\/h3>\n\n\n\n<ul class=\"wp-block-list\">\n<li>Kaksi huoltoa<\/li>\n<\/ul>\n<\/div><\/div>\n\n\n\n<div class=\"wp-block-group\"><div class=\"wp-block-group__inner-container is-layout-constrained wp-block-group-is-layout-constrained\">\n<h3 class=\"wp-block-heading\"><strong>Gravel juoksu 21 km<\/strong><\/h3>\n\n\n\n<p>Service point: Soikonvuori cave at approx 10 km.<\/p>\n<\/div><\/div>\n\n\n\n<div class=\"wp-block-group\"><div class=\"wp-block-group__inner-container is-layout-constrained wp-block-group-is-layout-constrained\">\n<h3 class=\"wp-block-heading\"><strong>Gravel juoksu 31 km<\/strong><\/h3>\n\n\n\n<p>Service points:<\/p>\n\n\n\n<ul class=\"wp-block-list\">\n<li>Virolahden bunkkerimuseo n. 10 km kohdalla. Huolto sulkeutuu klo 12.00.<\/li>\n\n\n\n<li>Soikonvuoren luola n. 20 km kohdalla. Huolto sulkeutuu klo 13.00.<\/li>\n<\/ul>\n<\/div><\/div>\n\n\n\n<div class=\"wp-block-group\"><div class=\"wp-block-group__inner-container is-layout-constrained wp-block-group-is-layout-constrained\">\n<p>The service points offer water, sports drinks, bananas, pickles, salt, chips, chocolate and candies.<\/p>\n\n\n\n<p>Competitors can leave their own equipment bag at the start of the race, from where it will be delivered by the organizer to the competition center at the Miehikk\u00e4l\u00e4 Salpa Line Museum.<\/p>\n\n\n\n<p>Self-service is allowed at service points.<\/p>\n<\/div><\/div>\n<\/div>\n<\/div><\/div>","protected":false},"excerpt":{"rendered":"<p>Huolto ja aikarajat Maali sulkeutuu kaikilla matkoilla klo 18.00. Gravel Half Gas 55 km Huoltopiste: Hauhian mylly n. 50 km kohdalla. Gravel Full Gas 110 km Huoltopiste: Hauhian mylly n. 50 km kohdalla. Gravel Seikkailu Matkat: 40 &#8211; 100 km.Huoltopisteet: Kaukopartio Gravel juoksu 21 km Huoltopiste: Soikonvuoren luola n. 10 km kohdalla. Gravel juoksu 31&#8230;<\/p>","protected":false},"author":2,"featured_media":0,"parent":0,"menu_order":0,"comment_status":"closed","ping_status":"closed","template":"","meta":{"_kad_post_transparent":"","_kad_post_title":"","_kad_post_layout":"","_kad_post_sidebar_id":"","_kad_post_content_style":"","_kad_post_vertical_padding":"","_kad_post_feature":"","_kad_post_feature_position":"","_kad_post_header":false,"_kad_post_footer":false,"_kad_post_classname":"","footnotes":""},"class_list":["post-515","page","type-page","status-publish","hentry"],"_links":{"self":[{"href":"https:\/\/salpastages.fi\/en\/wp-json\/wp\/v2\/pages\/515","targetHints":{"allow":["GET"]}}],"collection":[{"href":"https:\/\/salpastages.fi\/en\/wp-json\/wp\/v2\/pages"}],"about":[{"href":"https:\/\/salpastages.fi\/en\/wp-json\/wp\/v2\/types\/page"}],"author":[{"embeddable":true,"href":"https:\/\/salpastages.fi\/en\/wp-json\/wp\/v2\/users\/2"}],"replies":[{"embeddable":true,"href":"https:\/\/salpastages.fi\/en\/wp-json\/wp\/v2\/comments?post=515"}],"version-history":[{"count":11,"href":"https:\/\/salpastages.fi\/en\/wp-json\/wp\/v2\/pages\/515\/revisions"}],"predecessor-version":[{"id":2703,"href":"https:\/\/salpastages.fi\/en\/wp-json\/wp\/v2\/pages\/515\/revisions\/2703"}],"wp:attachment":[{"href":"https:\/\/salpastages.fi\/en\/wp-json\/wp\/v2\/media?parent=515"}],"curies":[{"name":"wp","href":"https:\/\/api.w.org\/{rel}","templated":true}]}}