{"id":2909,"date":"2025-11-28T18:46:54","date_gmt":"2025-11-28T16:46:54","guid":{"rendered":"https:\/\/salpastages.fi\/?page_id=2909"},"modified":"2025-11-28T20:33:34","modified_gmt":"2025-11-28T18:33:34","slug":"tulokset","status":"publish","type":"page","link":"https:\/\/salpastages.fi\/en\/tulokset\/","title":{"rendered":"Results"},"content":{"rendered":"<style>.kb-row-layout-id2909_b8cc18-51 > .kt-row-column-wrap{align-content:start;}:where(.kb-row-layout-id2909_b8cc18-51 > .kt-row-column-wrap) > .wp-block-kadence-column{justify-content:start;}.kb-row-layout-id2909_b8cc18-51 > .kt-row-column-wrap{column-gap:var(--global-kb-gap-md, 2rem);row-gap:var(--global-kb-gap-md, 2rem);max-width:var( --global-content-width, 1290px );padding-left:var(--global-content-edge-padding);padding-right:var(--global-content-edge-padding);padding-top:var(--global-kb-spacing-sm, 1.5rem);padding-bottom:var(--global-kb-spacing-sm, 1.5rem);grid-template-columns:minmax(0, 1fr);}.kb-row-layout-id2909_b8cc18-51 > .kt-row-layout-overlay{opacity:0.30;}@media all and (max-width: 1024px){.kb-row-layout-id2909_b8cc18-51 > .kt-row-column-wrap{grid-template-columns:minmax(0, 1fr);}}@media all and (max-width: 767px){.kb-row-layout-id2909_b8cc18-51 > .kt-row-column-wrap{grid-template-columns:minmax(0, 1fr);}}<\/style><div class=\"kb-row-layout-wrap kb-row-layout-id2909_b8cc18-51 alignnone wp-block-kadence-rowlayout\"><div class=\"kt-row-column-wrap kt-has-1-columns kt-row-layout-equal kt-tab-layout-inherit kt-mobile-layout-row kt-row-valign-top kb-theme-content-width\">\n<style>.kadence-column2909_407a26-68 > .kt-inside-inner-col,.kadence-column2909_407a26-68 > .kt-inside-inner-col:before{border-top-left-radius:0px;border-top-right-radius:0px;border-bottom-right-radius:0px;border-bottom-left-radius:0px;}.kadence-column2909_407a26-68 > .kt-inside-inner-col{column-gap:var(--global-kb-gap-sm, 1rem);}.kadence-column2909_407a26-68 > .kt-inside-inner-col{flex-direction:column;}.kadence-column2909_407a26-68 > .kt-inside-inner-col > .aligncenter{width:100%;}.kadence-column2909_407a26-68 > .kt-inside-inner-col:before{opacity:0.3;}.kadence-column2909_407a26-68{position:relative;}@media all and (max-width: 1024px){.kadence-column2909_407a26-68 > .kt-inside-inner-col{flex-direction:column;justify-content:center;}}@media all and (max-width: 767px){.kadence-column2909_407a26-68 > .kt-inside-inner-col{flex-direction:column;justify-content:center;}}<\/style>\n<div class=\"wp-block-kadence-column kadence-column2909_407a26-68\"><div class=\"kt-inside-inner-col\"><style>.kb-row-layout-id2909_2c016c-57 > .kt-row-column-wrap{align-content:start;}:where(.kb-row-layout-id2909_2c016c-57 > .kt-row-column-wrap) > .wp-block-kadence-column{justify-content:start;}.kb-row-layout-id2909_2c016c-57 > .kt-row-column-wrap{column-gap:var(--global-kb-gap-md, 2rem);row-gap:var(--global-kb-gap-md, 2rem);padding-top:var(--global-kb-spacing-sm, 1.5rem);padding-bottom:var(--global-kb-spacing-sm, 1.5rem);grid-template-columns:minmax(0, 1fr);}.kb-row-layout-id2909_2c016c-57 > .kt-row-layout-overlay{opacity:0.30;}@media all and (max-width: 1024px){.kb-row-layout-id2909_2c016c-57 > .kt-row-column-wrap{grid-template-columns:minmax(0, 1fr);}}@media all and (max-width: 767px){.kb-row-layout-id2909_2c016c-57 > .kt-row-column-wrap{grid-template-columns:minmax(0, 1fr);}}<\/style><div class=\"kb-row-layout-wrap kb-row-layout-id2909_2c016c-57 alignnone wp-block-kadence-rowlayout\"><div class=\"kt-row-column-wrap kt-has-1-columns kt-row-layout-equal kt-tab-layout-inherit kt-mobile-layout-row kt-row-valign-top\">\n<style>.kadence-column2909_d92d07-41 > .kt-inside-inner-col,.kadence-column2909_d92d07-41 > .kt-inside-inner-col:before{border-top-left-radius:0px;border-top-right-radius:0px;border-bottom-right-radius:0px;border-bottom-left-radius:0px;}.kadence-column2909_d92d07-41 > .kt-inside-inner-col{column-gap:var(--global-kb-gap-sm, 1rem);}.kadence-column2909_d92d07-41 > .kt-inside-inner-col{flex-direction:column;}.kadence-column2909_d92d07-41 > .kt-inside-inner-col > .aligncenter{width:100%;}.kadence-column2909_d92d07-41 > .kt-inside-inner-col:before{opacity:0.3;}.kadence-column2909_d92d07-41{position:relative;}@media all and (max-width: 1024px){.kadence-column2909_d92d07-41 > .kt-inside-inner-col{flex-direction:column;justify-content:center;}}@media all and (max-width: 767px){.kadence-column2909_d92d07-41 > .kt-inside-inner-col{flex-direction:column;justify-content:center;}}<\/style>\n<div class=\"wp-block-kadence-column kadence-column2909_d92d07-41\"><div class=\"kt-inside-inner-col\"><style>.kb-row-layout-id2909_6c852b-0b > .kt-row-column-wrap{align-content:start;}:where(.kb-row-layout-id2909_6c852b-0b > .kt-row-column-wrap) > .wp-block-kadence-column{justify-content:start;}.kb-row-layout-id2909_6c852b-0b > .kt-row-column-wrap{column-gap:var(--global-kb-gap-md, 2rem);row-gap:var(--global-kb-gap-md, 2rem);padding-top:var(--global-kb-spacing-sm, 1.5rem);padding-bottom:var(--global-kb-spacing-sm, 1.5rem);grid-template-columns:minmax(0, 1fr);}.kb-row-layout-id2909_6c852b-0b > .kt-row-layout-overlay{opacity:0.30;}@media all and (max-width: 1024px){.kb-row-layout-id2909_6c852b-0b > .kt-row-column-wrap{grid-template-columns:minmax(0, 1fr);}}@media all and (max-width: 767px){.kb-row-layout-id2909_6c852b-0b > .kt-row-column-wrap{grid-template-columns:minmax(0, 1fr);}}<\/style><div class=\"kb-row-layout-wrap kb-row-layout-id2909_6c852b-0b alignnone wp-block-kadence-rowlayout\"><div class=\"kt-row-column-wrap kt-has-1-columns kt-row-layout-equal kt-tab-layout-inherit kt-mobile-layout-row kt-row-valign-top\">\n<style>.kadence-column2909_d8fde0-cc > .kt-inside-inner-col,.kadence-column2909_d8fde0-cc > .kt-inside-inner-col:before{border-top-left-radius:0px;border-top-right-radius:0px;border-bottom-right-radius:0px;border-bottom-left-radius:0px;}.kadence-column2909_d8fde0-cc > .kt-inside-inner-col{column-gap:var(--global-kb-gap-sm, 1rem);}.kadence-column2909_d8fde0-cc > .kt-inside-inner-col{flex-direction:column;}.kadence-column2909_d8fde0-cc > .kt-inside-inner-col > .aligncenter{width:100%;}.kadence-column2909_d8fde0-cc > .kt-inside-inner-col:before{opacity:0.3;}.kadence-column2909_d8fde0-cc{position:relative;}@media all and (max-width: 1024px){.kadence-column2909_d8fde0-cc > .kt-inside-inner-col{flex-direction:column;justify-content:center;}}@media all and (max-width: 767px){.kadence-column2909_d8fde0-cc > .kt-inside-inner-col{flex-direction:column;justify-content:center;}}<\/style>\n<div class=\"wp-block-kadence-column kadence-column2909_d8fde0-cc\"><div class=\"kt-inside-inner-col\"><style>.wp-block-kadence-advancedheading.kt-adv-heading2909_3c5c12-78, .wp-block-kadence-advancedheading.kt-adv-heading2909_3c5c12-78[data-kb-block=\"kb-adv-heading2909_3c5c12-78\"]{font-style:normal;}.wp-block-kadence-advancedheading.kt-adv-heading2909_3c5c12-78 mark.kt-highlight, .wp-block-kadence-advancedheading.kt-adv-heading2909_3c5c12-78[data-kb-block=\"kb-adv-heading2909_3c5c12-78\"] mark.kt-highlight{font-style:normal;color:#f76a0c;-webkit-box-decoration-break:clone;box-decoration-break:clone;padding-top:0px;padding-right:0px;padding-bottom:0px;padding-left:0px;}.wp-block-kadence-advancedheading.kt-adv-heading2909_3c5c12-78 img.kb-inline-image, .wp-block-kadence-advancedheading.kt-adv-heading2909_3c5c12-78[data-kb-block=\"kb-adv-heading2909_3c5c12-78\"] img.kb-inline-image{width:150px;vertical-align:baseline;}<\/style>\n<h2 class=\"kt-adv-heading2909_3c5c12-78 wp-block-kadence-advancedheading\" data-kb-block=\"kb-adv-heading2909_3c5c12-78\"><a href=\"https:\/\/timing.sportident.com\/en\/results\/2025\/salpa-stages-gravel\">Tulokset 2025<\/a><\/h2>\n\n\n<style>.wp-block-kadence-advancedheading.kt-adv-heading2909_748cc9-42, .wp-block-kadence-advancedheading.kt-adv-heading2909_748cc9-42[data-kb-block=\"kb-adv-heading2909_748cc9-42\"]{font-style:normal;}.wp-block-kadence-advancedheading.kt-adv-heading2909_748cc9-42 mark.kt-highlight, .wp-block-kadence-advancedheading.kt-adv-heading2909_748cc9-42[data-kb-block=\"kb-adv-heading2909_748cc9-42\"] mark.kt-highlight{font-style:normal;color:#f76a0c;-webkit-box-decoration-break:clone;box-decoration-break:clone;padding-top:0px;padding-right:0px;padding-bottom:0px;padding-left:0px;}.wp-block-kadence-advancedheading.kt-adv-heading2909_748cc9-42 img.kb-inline-image, .wp-block-kadence-advancedheading.kt-adv-heading2909_748cc9-42[data-kb-block=\"kb-adv-heading2909_748cc9-42\"] img.kb-inline-image{width:150px;vertical-align:baseline;}<\/style>\n<p class=\"kt-adv-heading2909_748cc9-42 wp-block-kadence-advancedheading\" data-kb-block=\"kb-adv-heading2909_748cc9-42\"><a href=\"https:\/\/timing.sportident.com\/en\/results\/2025\/salpa-stages-gravel\">Viralliset tulokset<\/a> on nyt n\u00e4ht\u00e4viss\u00e4 SportIdentin sivuilla. Sivuilla on saatavilla my\u00f6s sertifikaatti oman nimen kohdalla.<\/p>\n<\/div><\/div>\n\n<\/div><\/div>\n\n<style>.kb-row-layout-id2909_7686ce-35 > .kt-row-column-wrap{align-content:start;}:where(.kb-row-layout-id2909_7686ce-35 > .kt-row-column-wrap) > .wp-block-kadence-column{justify-content:start;}.kb-row-layout-id2909_7686ce-35 > .kt-row-column-wrap{column-gap:var(--global-kb-gap-md, 2rem);row-gap:var(--global-kb-gap-md, 2rem);padding-top:var(--global-kb-spacing-sm, 1.5rem);padding-bottom:var(--global-kb-spacing-sm, 1.5rem);grid-template-columns:minmax(0, 1fr);}.kb-row-layout-id2909_7686ce-35 > .kt-row-layout-overlay{opacity:0.30;}@media all and (max-width: 1024px){.kb-row-layout-id2909_7686ce-35 > .kt-row-column-wrap{grid-template-columns:minmax(0, 1fr);}}@media all and (max-width: 767px){.kb-row-layout-id2909_7686ce-35 > .kt-row-column-wrap{grid-template-columns:minmax(0, 1fr);}}<\/style><div class=\"kb-row-layout-wrap kb-row-layout-id2909_7686ce-35 alignnone wp-block-kadence-rowlayout\"><div class=\"kt-row-column-wrap kt-has-1-columns kt-row-layout-equal kt-tab-layout-inherit kt-mobile-layout-row kt-row-valign-top\">\n<style>.kadence-column2909_05da1c-e3 > .kt-inside-inner-col,.kadence-column2909_05da1c-e3 > .kt-inside-inner-col:before{border-top-left-radius:0px;border-top-right-radius:0px;border-bottom-right-radius:0px;border-bottom-left-radius:0px;}.kadence-column2909_05da1c-e3 > .kt-inside-inner-col{column-gap:var(--global-kb-gap-sm, 1rem);}.kadence-column2909_05da1c-e3 > .kt-inside-inner-col{flex-direction:column;}.kadence-column2909_05da1c-e3 > .kt-inside-inner-col > .aligncenter{width:100%;}.kadence-column2909_05da1c-e3 > .kt-inside-inner-col:before{opacity:0.3;}.kadence-column2909_05da1c-e3{position:relative;}@media all and (max-width: 1024px){.kadence-column2909_05da1c-e3 > .kt-inside-inner-col{flex-direction:column;justify-content:center;}}@media all and (max-width: 767px){.kadence-column2909_05da1c-e3 > .kt-inside-inner-col{flex-direction:column;justify-content:center;}}<\/style>\n<div class=\"wp-block-kadence-column kadence-column2909_05da1c-e3\"><div class=\"kt-inside-inner-col\"><style>.wp-block-kadence-advancedheading.kt-adv-heading2909_ead818-7c, .wp-block-kadence-advancedheading.kt-adv-heading2909_ead818-7c[data-kb-block=\"kb-adv-heading2909_ead818-7c\"]{font-style:normal;}.wp-block-kadence-advancedheading.kt-adv-heading2909_ead818-7c mark.kt-highlight, .wp-block-kadence-advancedheading.kt-adv-heading2909_ead818-7c[data-kb-block=\"kb-adv-heading2909_ead818-7c\"] mark.kt-highlight{font-style:normal;color:#f76a0c;-webkit-box-decoration-break:clone;box-decoration-break:clone;padding-top:0px;padding-right:0px;padding-bottom:0px;padding-left:0px;}.wp-block-kadence-advancedheading.kt-adv-heading2909_ead818-7c img.kb-inline-image, .wp-block-kadence-advancedheading.kt-adv-heading2909_ead818-7c[data-kb-block=\"kb-adv-heading2909_ead818-7c\"] img.kb-inline-image{width:150px;vertical-align:baseline;}<\/style>\n<h2 class=\"kt-adv-heading2909_ead818-7c wp-block-kadence-advancedheading\" data-kb-block=\"kb-adv-heading2909_ead818-7c\">Tulokset 2026<\/h2>\n\n\n<style>.wp-block-kadence-advancedheading.kt-adv-heading2909_ecf9bd-c1, .wp-block-kadence-advancedheading.kt-adv-heading2909_ecf9bd-c1[data-kb-block=\"kb-adv-heading2909_ecf9bd-c1\"]{font-style:normal;}.wp-block-kadence-advancedheading.kt-adv-heading2909_ecf9bd-c1 mark.kt-highlight, .wp-block-kadence-advancedheading.kt-adv-heading2909_ecf9bd-c1[data-kb-block=\"kb-adv-heading2909_ecf9bd-c1\"] mark.kt-highlight{font-style:normal;color:#f76a0c;-webkit-box-decoration-break:clone;box-decoration-break:clone;padding-top:0px;padding-right:0px;padding-bottom:0px;padding-left:0px;}.wp-block-kadence-advancedheading.kt-adv-heading2909_ecf9bd-c1 img.kb-inline-image, .wp-block-kadence-advancedheading.kt-adv-heading2909_ecf9bd-c1[data-kb-block=\"kb-adv-heading2909_ecf9bd-c1\"] img.kb-inline-image{width:150px;vertical-align:baseline;}<\/style>\n<p class=\"kt-adv-heading2909_ecf9bd-c1 wp-block-kadence-advancedheading\" data-kb-block=\"kb-adv-heading2909_ecf9bd-c1\"><\/p>\n<\/div><\/div>\n\n<\/div><\/div><\/div><\/div>\n\n<\/div><\/div><\/div><\/div>\n\n<\/div><\/div>","protected":false},"excerpt":{"rendered":"<p>Tulokset 2025 Viralliset tulokset on nyt n\u00e4ht\u00e4viss\u00e4 SportIdentin sivuilla. Sivuilla on saatavilla my\u00f6s sertifikaatti oman nimen kohdalla. Tulokset 2026<\/p>","protected":false},"author":1,"featured_media":0,"parent":0,"menu_order":0,"comment_status":"closed","ping_status":"closed","template":"","meta":{"_kad_post_transparent":"","_kad_post_title":"","_kad_post_layout":"","_kad_post_sidebar_id":"","_kad_post_content_style":"","_kad_post_vertical_padding":"","_kad_post_feature":"","_kad_post_feature_position":"","_kad_post_header":false,"_kad_post_footer":false,"_kad_post_classname":"","footnotes":""},"class_list":["post-2909","page","type-page","status-publish","hentry"],"_links":{"self":[{"href":"https:\/\/salpastages.fi\/en\/wp-json\/wp\/v2\/pages\/2909","targetHints":{"allow":["GET"]}}],"collection":[{"href":"https:\/\/salpastages.fi\/en\/wp-json\/wp\/v2\/pages"}],"about":[{"href":"https:\/\/salpastages.fi\/en\/wp-json\/wp\/v2\/types\/page"}],"author":[{"embeddable":true,"href":"https:\/\/salpastages.fi\/en\/wp-json\/wp\/v2\/users\/1"}],"replies":[{"embeddable":true,"href":"https:\/\/salpastages.fi\/en\/wp-json\/wp\/v2\/comments?post=2909"}],"version-history":[{"count":4,"href":"https:\/\/salpastages.fi\/en\/wp-json\/wp\/v2\/pages\/2909\/revisions"}],"predecessor-version":[{"id":2963,"href":"https:\/\/salpastages.fi\/en\/wp-json\/wp\/v2\/pages\/2909\/revisions\/2963"}],"wp:attachment":[{"href":"https:\/\/salpastages.fi\/en\/wp-json\/wp\/v2\/media?parent=2909"}],"curies":[{"name":"wp","href":"https:\/\/api.w.org\/{rel}","templated":true}]}}