{"id":1447,"date":"2025-05-29T12:54:53","date_gmt":"2025-05-29T09:54:53","guid":{"rendered":"https:\/\/salpastages.fi\/?page_id=1447"},"modified":"2025-11-28T18:43:32","modified_gmt":"2025-11-28T16:43:32","slug":"majoitus-ja-saapuminen","status":"publish","type":"page","link":"https:\/\/salpastages.fi\/en\/majoitus-ja-saapuminen\/","title":{"rendered":"Accomodation and arrival"},"content":{"rendered":"<style>.kb-row-layout-id1447_17a10b-20 > .kt-row-column-wrap{align-content:start;}:where(.kb-row-layout-id1447_17a10b-20 > .kt-row-column-wrap) > .wp-block-kadence-column{justify-content:start;}.kb-row-layout-id1447_17a10b-20 > .kt-row-column-wrap{column-gap:var(--global-kb-gap-md, 2rem);row-gap:var(--global-kb-gap-md, 2rem);max-width:var( --global-content-width, 1290px );padding-left:var(--global-content-edge-padding);padding-right:var(--global-content-edge-padding);padding-top:var(--global-kb-spacing-sm, 1.5rem);padding-bottom:var(--global-kb-spacing-sm, 1.5rem);grid-template-columns:minmax(0, 1fr);}.kb-row-layout-id1447_17a10b-20 > .kt-row-layout-overlay{opacity:0.30;}@media all and (max-width: 1024px){.kb-row-layout-id1447_17a10b-20 > .kt-row-column-wrap{grid-template-columns:minmax(0, 1fr);}}@media all and (max-width: 767px){.kb-row-layout-id1447_17a10b-20 > .kt-row-column-wrap{grid-template-columns:minmax(0, 1fr);}}<\/style><div class=\"kb-row-layout-wrap kb-row-layout-id1447_17a10b-20 alignnone wp-block-kadence-rowlayout\"><div class=\"kt-row-column-wrap kt-has-1-columns kt-row-layout-equal kt-tab-layout-inherit kt-mobile-layout-row kt-row-valign-top kb-theme-content-width\">\n<style>.kadence-column1447_a3907a-d7 > .kt-inside-inner-col,.kadence-column1447_a3907a-d7 > .kt-inside-inner-col:before{border-top-left-radius:0px;border-top-right-radius:0px;border-bottom-right-radius:0px;border-bottom-left-radius:0px;}.kadence-column1447_a3907a-d7 > .kt-inside-inner-col{column-gap:var(--global-kb-gap-sm, 1rem);}.kadence-column1447_a3907a-d7 > .kt-inside-inner-col{flex-direction:column;}.kadence-column1447_a3907a-d7 > .kt-inside-inner-col > .aligncenter{width:100%;}.kadence-column1447_a3907a-d7 > .kt-inside-inner-col:before{opacity:0.3;}.kadence-column1447_a3907a-d7{position:relative;}@media all and (max-width: 1024px){.kadence-column1447_a3907a-d7 > .kt-inside-inner-col{flex-direction:column;justify-content:center;}}@media all and (max-width: 767px){.kadence-column1447_a3907a-d7 > .kt-inside-inner-col{flex-direction:column;justify-content:center;}}<\/style>\n<div class=\"wp-block-kadence-column kadence-column1447_a3907a-d7\"><div class=\"kt-inside-inner-col\"><style>.kb-row-layout-id1447_f6d9d6-ae > .kt-row-column-wrap{align-content:start;}:where(.kb-row-layout-id1447_f6d9d6-ae > .kt-row-column-wrap) > .wp-block-kadence-column{justify-content:start;}.kb-row-layout-id1447_f6d9d6-ae > .kt-row-column-wrap{column-gap:var(--global-kb-gap-md, 2rem);row-gap:var(--global-kb-gap-md, 2rem);padding-top:var(--global-kb-spacing-sm, 1.5rem);padding-bottom:var(--global-kb-spacing-sm, 1.5rem);grid-template-columns:minmax(0, 1fr);}.kb-row-layout-id1447_f6d9d6-ae > .kt-row-layout-overlay{opacity:0.30;}@media all and (max-width: 1024px){.kb-row-layout-id1447_f6d9d6-ae > .kt-row-column-wrap{grid-template-columns:minmax(0, 1fr);}}@media all and (max-width: 767px){.kb-row-layout-id1447_f6d9d6-ae > .kt-row-column-wrap{grid-template-columns:minmax(0, 1fr);}}<\/style><div class=\"kb-row-layout-wrap kb-row-layout-id1447_f6d9d6-ae alignnone wp-block-kadence-rowlayout\"><div class=\"kt-row-column-wrap kt-has-2-columns kt-row-layout-row kt-tab-layout-inherit kt-mobile-layout-row kt-row-valign-top\">\n<style>.kadence-column1447_2f7970-1b > .kt-inside-inner-col,.kadence-column1447_2f7970-1b > .kt-inside-inner-col:before{border-top-left-radius:0px;border-top-right-radius:0px;border-bottom-right-radius:0px;border-bottom-left-radius:0px;}.kadence-column1447_2f7970-1b > .kt-inside-inner-col{column-gap:var(--global-kb-gap-sm, 1rem);}.kadence-column1447_2f7970-1b > .kt-inside-inner-col{flex-direction:column;}.kadence-column1447_2f7970-1b > .kt-inside-inner-col > .aligncenter{width:100%;}.kadence-column1447_2f7970-1b > .kt-inside-inner-col:before{opacity:0.3;}.kadence-column1447_2f7970-1b{position:relative;}@media all and (max-width: 1024px){.kadence-column1447_2f7970-1b > .kt-inside-inner-col{flex-direction:column;justify-content:center;}}@media all and (max-width: 767px){.kadence-column1447_2f7970-1b > .kt-inside-inner-col{flex-direction:column;justify-content:center;}}<\/style>\n<div class=\"wp-block-kadence-column kadence-column1447_2f7970-1b\"><div class=\"kt-inside-inner-col\"><style>.wp-block-kadence-advancedheading.kt-adv-heading1447_53160f-dd, .wp-block-kadence-advancedheading.kt-adv-heading1447_53160f-dd[data-kb-block=\"kb-adv-heading1447_53160f-dd\"]{font-style:normal;}.wp-block-kadence-advancedheading.kt-adv-heading1447_53160f-dd mark.kt-highlight, .wp-block-kadence-advancedheading.kt-adv-heading1447_53160f-dd[data-kb-block=\"kb-adv-heading1447_53160f-dd\"] mark.kt-highlight{font-style:normal;color:#f76a0c;-webkit-box-decoration-break:clone;box-decoration-break:clone;padding-top:0px;padding-right:0px;padding-bottom:0px;padding-left:0px;}.wp-block-kadence-advancedheading.kt-adv-heading1447_53160f-dd img.kb-inline-image, .wp-block-kadence-advancedheading.kt-adv-heading1447_53160f-dd[data-kb-block=\"kb-adv-heading1447_53160f-dd\"] img.kb-inline-image{width:150px;vertical-align:baseline;}<\/style>\n<h2 class=\"kt-adv-heading1447_53160f-dd wp-block-kadence-advancedheading\" data-kb-block=\"kb-adv-heading1447_53160f-dd\">Majoitus<\/h2>\n\n\n<style>.wp-block-kadence-advancedheading.kt-adv-heading1447_4cba46-ac, .wp-block-kadence-advancedheading.kt-adv-heading1447_4cba46-ac[data-kb-block=\"kb-adv-heading1447_4cba46-ac\"]{font-style:normal;}.wp-block-kadence-advancedheading.kt-adv-heading1447_4cba46-ac mark.kt-highlight, .wp-block-kadence-advancedheading.kt-adv-heading1447_4cba46-ac[data-kb-block=\"kb-adv-heading1447_4cba46-ac\"] mark.kt-highlight{font-style:normal;color:#f76a0c;-webkit-box-decoration-break:clone;box-decoration-break:clone;padding-top:0px;padding-right:0px;padding-bottom:0px;padding-left:0px;}.wp-block-kadence-advancedheading.kt-adv-heading1447_4cba46-ac img.kb-inline-image, .wp-block-kadence-advancedheading.kt-adv-heading1447_4cba46-ac[data-kb-block=\"kb-adv-heading1447_4cba46-ac\"] img.kb-inline-image{width:150px;vertical-align:baseline;}<\/style>\n<p class=\"kt-adv-heading1447_4cba46-ac is-style-default wp-block-kadence-advancedheading\" data-kb-block=\"kb-adv-heading1447_4cba46-ac\">Miehikk\u00e4l\u00e4ss\u00e4, Virolahdella ja Haminassa tarjoaa useat toimijat majoituspalveluita. Ohessa linkkej\u00e4 palveluita tarjoavien sivustoille.<\/p>\n\n\n<style>.wp-block-kadence-advancedheading.kt-adv-heading1447_b8d7d7-05, .wp-block-kadence-advancedheading.kt-adv-heading1447_b8d7d7-05[data-kb-block=\"kb-adv-heading1447_b8d7d7-05\"]{font-style:normal;}.wp-block-kadence-advancedheading.kt-adv-heading1447_b8d7d7-05 mark.kt-highlight, .wp-block-kadence-advancedheading.kt-adv-heading1447_b8d7d7-05[data-kb-block=\"kb-adv-heading1447_b8d7d7-05\"] mark.kt-highlight{font-style:normal;color:#f76a0c;-webkit-box-decoration-break:clone;box-decoration-break:clone;padding-top:0px;padding-right:0px;padding-bottom:0px;padding-left:0px;}.wp-block-kadence-advancedheading.kt-adv-heading1447_b8d7d7-05 img.kb-inline-image, .wp-block-kadence-advancedheading.kt-adv-heading1447_b8d7d7-05[data-kb-block=\"kb-adv-heading1447_b8d7d7-05\"] img.kb-inline-image{width:150px;vertical-align:baseline;}<\/style>\n<p class=\"kt-adv-heading1447_b8d7d7-05 wp-block-kadence-advancedheading\" data-kb-block=\"kb-adv-heading1447_b8d7d7-05\"><a href=\"https:\/\/www.visitkotkahamina.fi\">https:\/\/www.visitkotkahamina.fi<\/a><\/p>\n\n\n<style>.wp-block-kadence-advancedheading.kt-adv-heading1447_5b0abc-17, .wp-block-kadence-advancedheading.kt-adv-heading1447_5b0abc-17[data-kb-block=\"kb-adv-heading1447_5b0abc-17\"]{font-style:normal;}.wp-block-kadence-advancedheading.kt-adv-heading1447_5b0abc-17 mark.kt-highlight, .wp-block-kadence-advancedheading.kt-adv-heading1447_5b0abc-17[data-kb-block=\"kb-adv-heading1447_5b0abc-17\"] mark.kt-highlight{font-style:normal;color:#f76a0c;-webkit-box-decoration-break:clone;box-decoration-break:clone;padding-top:0px;padding-right:0px;padding-bottom:0px;padding-left:0px;}.wp-block-kadence-advancedheading.kt-adv-heading1447_5b0abc-17 img.kb-inline-image, .wp-block-kadence-advancedheading.kt-adv-heading1447_5b0abc-17[data-kb-block=\"kb-adv-heading1447_5b0abc-17\"] img.kb-inline-image{width:150px;vertical-align:baseline;}<\/style>\n<p class=\"kt-adv-heading1447_5b0abc-17 wp-block-kadence-advancedheading\" data-kb-block=\"kb-adv-heading1447_5b0abc-17\"><a href=\"http:\/\/visitvirolahti.fi\/\">http:\/\/visitvirolahti.fi<\/a><\/p>\n\n\n<style>.wp-block-kadence-advancedheading.kt-adv-heading1447_373296-18, .wp-block-kadence-advancedheading.kt-adv-heading1447_373296-18[data-kb-block=\"kb-adv-heading1447_373296-18\"]{font-style:normal;}.wp-block-kadence-advancedheading.kt-adv-heading1447_373296-18 mark.kt-highlight, .wp-block-kadence-advancedheading.kt-adv-heading1447_373296-18[data-kb-block=\"kb-adv-heading1447_373296-18\"] mark.kt-highlight{font-style:normal;color:#f76a0c;-webkit-box-decoration-break:clone;box-decoration-break:clone;padding-top:0px;padding-right:0px;padding-bottom:0px;padding-left:0px;}.wp-block-kadence-advancedheading.kt-adv-heading1447_373296-18 img.kb-inline-image, .wp-block-kadence-advancedheading.kt-adv-heading1447_373296-18[data-kb-block=\"kb-adv-heading1447_373296-18\"] img.kb-inline-image{width:150px;vertical-align:baseline;}<\/style>\n<p class=\"kt-adv-heading1447_373296-18 wp-block-kadence-advancedheading\" data-kb-block=\"kb-adv-heading1447_373296-18\"><a href=\"http:\/\/miehikkala.fi\/matkailu\">http:\/\/miehikkala.fi\/matkailu<\/a><\/p>\n<\/div><\/div>\n\n\n<style>.kadence-column1447_934f44-62 > .kt-inside-inner-col,.kadence-column1447_934f44-62 > .kt-inside-inner-col:before{border-top-left-radius:0px;border-top-right-radius:0px;border-bottom-right-radius:0px;border-bottom-left-radius:0px;}.kadence-column1447_934f44-62 > .kt-inside-inner-col{column-gap:var(--global-kb-gap-sm, 1rem);}.kadence-column1447_934f44-62 > .kt-inside-inner-col{flex-direction:column;}.kadence-column1447_934f44-62 > .kt-inside-inner-col > .aligncenter{width:100%;}.kadence-column1447_934f44-62 > .kt-inside-inner-col:before{opacity:0.3;}.kadence-column1447_934f44-62{position:relative;}@media all and (max-width: 1024px){.kadence-column1447_934f44-62 > .kt-inside-inner-col{flex-direction:column;justify-content:center;}}@media all and (max-width: 767px){.kadence-column1447_934f44-62 > .kt-inside-inner-col{flex-direction:column;justify-content:center;}}<\/style>\n<div class=\"wp-block-kadence-column kadence-column1447_934f44-62\"><div class=\"kt-inside-inner-col\"><style>.wp-block-kadence-advancedheading.kt-adv-heading1447_1b4c1a-b1, .wp-block-kadence-advancedheading.kt-adv-heading1447_1b4c1a-b1[data-kb-block=\"kb-adv-heading1447_1b4c1a-b1\"]{font-style:normal;}.wp-block-kadence-advancedheading.kt-adv-heading1447_1b4c1a-b1 mark.kt-highlight, .wp-block-kadence-advancedheading.kt-adv-heading1447_1b4c1a-b1[data-kb-block=\"kb-adv-heading1447_1b4c1a-b1\"] mark.kt-highlight{font-style:normal;color:#f76a0c;-webkit-box-decoration-break:clone;box-decoration-break:clone;padding-top:0px;padding-right:0px;padding-bottom:0px;padding-left:0px;}.wp-block-kadence-advancedheading.kt-adv-heading1447_1b4c1a-b1 img.kb-inline-image, .wp-block-kadence-advancedheading.kt-adv-heading1447_1b4c1a-b1[data-kb-block=\"kb-adv-heading1447_1b4c1a-b1\"] img.kb-inline-image{width:150px;vertical-align:baseline;}<\/style>\n<h2 class=\"kt-adv-heading1447_1b4c1a-b1 wp-block-kadence-advancedheading\" data-kb-block=\"kb-adv-heading1447_1b4c1a-b1\">Saapuminen<\/h2>\n\n\n<style>.wp-block-kadence-advancedheading.kt-adv-heading1447_ac73c6-43, .wp-block-kadence-advancedheading.kt-adv-heading1447_ac73c6-43[data-kb-block=\"kb-adv-heading1447_ac73c6-43\"]{font-style:normal;}.wp-block-kadence-advancedheading.kt-adv-heading1447_ac73c6-43 mark.kt-highlight, .wp-block-kadence-advancedheading.kt-adv-heading1447_ac73c6-43[data-kb-block=\"kb-adv-heading1447_ac73c6-43\"] mark.kt-highlight{font-style:normal;color:#f76a0c;-webkit-box-decoration-break:clone;box-decoration-break:clone;padding-top:0px;padding-right:0px;padding-bottom:0px;padding-left:0px;}.wp-block-kadence-advancedheading.kt-adv-heading1447_ac73c6-43 img.kb-inline-image, .wp-block-kadence-advancedheading.kt-adv-heading1447_ac73c6-43[data-kb-block=\"kb-adv-heading1447_ac73c6-43\"] img.kb-inline-image{width:150px;vertical-align:baseline;}<\/style>\n<p class=\"kt-adv-heading1447_ac73c6-43 wp-block-kadence-advancedheading\" data-kb-block=\"kb-adv-heading1447_ac73c6-43\">Omalla autolla matkustavia suositellaan nykytrendien mukaisesti k\u00e4ytt\u00e4m\u00e4\u00e4n kimppakyytej\u00e4. Kilpailukeskuksen alueella on runsaasti pys\u00e4k\u00f6intitilaa 1 km s\u00e4teell\u00e4.<\/p>\n\n\n<style>.wp-block-kadence-advancedheading.kt-adv-heading1447_b519a1-18, .wp-block-kadence-advancedheading.kt-adv-heading1447_b519a1-18[data-kb-block=\"kb-adv-heading1447_b519a1-18\"]{font-style:normal;}.wp-block-kadence-advancedheading.kt-adv-heading1447_b519a1-18 mark.kt-highlight, .wp-block-kadence-advancedheading.kt-adv-heading1447_b519a1-18[data-kb-block=\"kb-adv-heading1447_b519a1-18\"] mark.kt-highlight{font-style:normal;color:#f76a0c;-webkit-box-decoration-break:clone;box-decoration-break:clone;padding-top:0px;padding-right:0px;padding-bottom:0px;padding-left:0px;}.wp-block-kadence-advancedheading.kt-adv-heading1447_b519a1-18 img.kb-inline-image, .wp-block-kadence-advancedheading.kt-adv-heading1447_b519a1-18[data-kb-block=\"kb-adv-heading1447_b519a1-18\"] img.kb-inline-image{width:150px;vertical-align:baseline;}<\/style>\n<p class=\"kt-adv-heading1447_b519a1-18 wp-block-kadence-advancedheading\" data-kb-block=\"kb-adv-heading1447_b519a1-18\">Yleisimpi\u00e4 et\u00e4isyyksi\u00e4 Miehikk\u00e4l\u00e4\u00e4n<\/p>\n\n\n\n<ul class=\"wp-block-list is-style-default\">\n<li>Helsinki: 187 km ja ajoaika n. 2h<\/li>\n\n\n\n<li>Turku: 347 km ja ajoaika n. 3h 40min<\/li>\n\n\n\n<li>Lahti: 147 km ja ajoaika n. 2h<\/li>\n\n\n\n<li>Tampere: 276 km ja ajoaika n. 3h 30min<\/li>\n<\/ul>\n\n\n<style>.wp-block-kadence-advancedheading.kt-adv-heading1447_d75b43-dc, .wp-block-kadence-advancedheading.kt-adv-heading1447_d75b43-dc[data-kb-block=\"kb-adv-heading1447_d75b43-dc\"]{font-style:normal;}.wp-block-kadence-advancedheading.kt-adv-heading1447_d75b43-dc mark.kt-highlight, .wp-block-kadence-advancedheading.kt-adv-heading1447_d75b43-dc[data-kb-block=\"kb-adv-heading1447_d75b43-dc\"] mark.kt-highlight{font-style:normal;color:#f76a0c;-webkit-box-decoration-break:clone;box-decoration-break:clone;padding-top:0px;padding-right:0px;padding-bottom:0px;padding-left:0px;}.wp-block-kadence-advancedheading.kt-adv-heading1447_d75b43-dc img.kb-inline-image, .wp-block-kadence-advancedheading.kt-adv-heading1447_d75b43-dc[data-kb-block=\"kb-adv-heading1447_d75b43-dc\"] img.kb-inline-image{width:150px;vertical-align:baseline;}<\/style>\n<p class=\"kt-adv-heading1447_d75b43-dc wp-block-kadence-advancedheading\" data-kb-block=\"kb-adv-heading1447_d75b43-dc\">Bussilla p\u00e4\u00e4see Miehikk\u00e4l\u00e4n keskustaan josta on n. 2 km matka kilpailukeskukseen<\/p>\n<\/div><\/div>\n\n<\/div><\/div><\/div><\/div>\n\n<\/div><\/div>\n\n\n<p><\/p>\n","protected":false},"excerpt":{"rendered":"<p>Majoitus Miehikk\u00e4l\u00e4ss\u00e4, Virolahdella ja Haminassa tarjoaa useat toimijat majoituspalveluita. Ohessa linkkej\u00e4 palveluita tarjoavien sivustoille. https:\/\/www.visitkotkahamina.fi http:\/\/visitvirolahti.fi http:\/\/miehikkala.fi\/matkailu Saapuminen Omalla autolla matkustavia suositellaan nykytrendien mukaisesti k\u00e4ytt\u00e4m\u00e4\u00e4n kimppakyytej\u00e4. Kilpailukeskuksen alueella on runsaasti pys\u00e4k\u00f6intitilaa 1 km s\u00e4teell\u00e4. Yleisimpi\u00e4 et\u00e4isyyksi\u00e4 Miehikk\u00e4l\u00e4\u00e4n Bussilla p\u00e4\u00e4see Miehikk\u00e4l\u00e4n keskustaan josta on n. 2 km matka kilpailukeskukseen<\/p>","protected":false},"author":1,"featured_media":0,"parent":0,"menu_order":0,"comment_status":"closed","ping_status":"closed","template":"","meta":{"_kad_post_transparent":"","_kad_post_title":"","_kad_post_layout":"","_kad_post_sidebar_id":"","_kad_post_content_style":"","_kad_post_vertical_padding":"","_kad_post_feature":"","_kad_post_feature_position":"","_kad_post_header":false,"_kad_post_footer":false,"_kad_post_classname":"","footnotes":""},"class_list":["post-1447","page","type-page","status-publish","hentry"],"_links":{"self":[{"href":"https:\/\/salpastages.fi\/en\/wp-json\/wp\/v2\/pages\/1447","targetHints":{"allow":["GET"]}}],"collection":[{"href":"https:\/\/salpastages.fi\/en\/wp-json\/wp\/v2\/pages"}],"about":[{"href":"https:\/\/salpastages.fi\/en\/wp-json\/wp\/v2\/types\/page"}],"author":[{"embeddable":true,"href":"https:\/\/salpastages.fi\/en\/wp-json\/wp\/v2\/users\/1"}],"replies":[{"embeddable":true,"href":"https:\/\/salpastages.fi\/en\/wp-json\/wp\/v2\/comments?post=1447"}],"version-history":[{"count":3,"href":"https:\/\/salpastages.fi\/en\/wp-json\/wp\/v2\/pages\/1447\/revisions"}],"predecessor-version":[{"id":2906,"href":"https:\/\/salpastages.fi\/en\/wp-json\/wp\/v2\/pages\/1447\/revisions\/2906"}],"wp:attachment":[{"href":"https:\/\/salpastages.fi\/en\/wp-json\/wp\/v2\/media?parent=1447"}],"curies":[{"name":"wp","href":"https:\/\/api.w.org\/{rel}","templated":true}]}}